{"id":79,"date":"2022-07-06T12:04:03","date_gmt":"2022-07-06T11:04:03","guid":{"rendered":"https:\/\/carta.canton23.com\/?page_id=79"},"modified":"2022-07-06T12:37:09","modified_gmt":"2022-07-06T11:37:09","slug":"gastrobar-2","status":"publish","type":"page","link":"https:\/\/carta.canton23.com\/?page_id=79","title":{"rendered":"Gastrobar"},"content":{"rendered":"\n<p class=\"has-text-align-center has-large-font-size\">Para compartir, o no?<\/p>\n\n\n\n<h5 class=\"has-text-align-left wp-block-heading\">Steak tartar de solomillo en pan de brioche de mantequilla caliente<\/h5>\n\n\n\n<p class=\"has-text-align-left\">&nbsp;18.50 \u20ac<\/p>\n\n\n\n<hr class=\"wp-block-separator has-alpha-channel-opacity\"\/>\n\n\n\n<h5 class=\"wp-block-heading\">Carpaccio de berenjena y calabac\u00edn con pi\u00f1ones, r\u00facula y pesto de albahaca<\/h5>\n\n\n\n<p>11 \u20ac<\/p>\n\n\n\n<hr class=\"wp-block-separator has-alpha-channel-opacity\"\/>\n\n\n\n<h5 class=\"wp-block-heading\">Tartar de at\u00fan rojo picante con arroz japon\u00e9s<\/h5>\n\n\n\n<p>21 \u20ac<\/p>\n\n\n\n<hr class=\"wp-block-separator has-alpha-channel-opacity\"\/>\n\n\n\n<h5 class=\"wp-block-heading\">Nem de lechuga con papada ib\u00e9rica y gamba (2 ud)<\/h5>\n\n\n\n<p>7.50 \u20ac<\/p>\n\n\n\n<hr class=\"wp-block-separator has-alpha-channel-opacity\"\/>\n\n\n\n<h5 class=\"wp-block-heading\">Ensalada de tomate azul, burrata, piparras y vinagreta trufada<\/h5>\n\n\n\n<p>13 \u20ac<\/p>\n\n\n\n<hr class=\"wp-block-separator has-alpha-channel-opacity\"\/>\n\n\n\n<h5 class=\"wp-block-heading\">Croquetas de jam\u00f3n (4 ud)<\/h5>\n\n\n\n<p>7.50 \u20ac<\/p>\n\n\n\n<hr class=\"wp-block-separator has-alpha-channel-opacity\"\/>\n\n\n\n<h5 class=\"wp-block-heading\">Calamares fritos en tempura con mayonesa de c\u00edtricos<\/h5>\n\n\n\n<p>13 \u20ac<\/p>\n\n\n\n<hr class=\"wp-block-separator has-alpha-channel-opacity\"\/>\n\n\n\n<h5 class=\"wp-block-heading\">Tosta de anchoa del cant\u00e1brico, crema de queso Arz\u00faa-Ulloa y confitura de tomate con albahaca (2ud)<\/h5>\n\n\n\n<p>8.75 \u20ac<\/p>\n\n\n\n<hr class=\"wp-block-separator has-alpha-channel-opacity\"\/>\n\n\n\n<h5 class=\"wp-block-heading\">Patatas bravas Cant\u00f3n23<\/h5>\n\n\n\n<p>7 \u20ac<\/p>\n\n\n\n<hr class=\"wp-block-separator has-alpha-channel-opacity\"\/>\n\n\n\n<h5 class=\"wp-block-heading\">Tronco de ensaladilla con ventresca de at\u00fan y rega\u00f1as<\/h5>\n\n\n\n<p>9.50\u20ac<\/p>\n\n\n\n<hr class=\"wp-block-separator has-alpha-channel-opacity is-style-wide\"\/>\n\n\n\n<p class=\"has-text-align-center has-large-font-size\">Tortillas abiertas<\/p>\n\n\n\n<h5 class=\"wp-block-heading\">De verduritas de temporada<\/h5>\n\n\n\n<p>\u00a010.50 \u20ac<\/p>\n\n\n\n<hr class=\"wp-block-separator has-alpha-channel-opacity\"\/>\n\n\n\n<h5 class=\"wp-block-heading\">De jam\u00f3n ib\u00e9rico, pan con tomate y r\u00facula<\/h5>\n\n\n\n<p>\u00a013 \u20ac<\/p>\n\n\n\n<hr class=\"wp-block-separator has-alpha-channel-opacity\"\/>\n\n\n\n<h5 class=\"wp-block-heading\">De patata, cebolla caramelizada y queso San Sim\u00f3n<\/h5>\n\n\n\n<p>\u00a011 \u20ac<\/p>\n\n\n\n<hr class=\"wp-block-separator has-alpha-channel-opacity is-style-wide\"\/>\n\n\n\n<p class=\"has-text-align-center has-large-font-size\">Arroces<\/p>\n\n\n\n<h5 class=\"wp-block-heading\">Arroz mesolo con carpaccio de gambas (M\u00ednimo 2 pax \/\/ Precio por persona)<\/h5>\n\n\n\n<p>\u00a023 \u20ac<\/p>\n\n\n\n<hr class=\"wp-block-separator has-alpha-channel-opacity\"\/>\n\n\n\n<h5 class=\"wp-block-heading\">Arroz negro con sepia y langostinos con ali oli de ajo (M\u00ednimo 2 pax \/\/ Precio por persona)<\/h5>\n\n\n\n<p>\u00a019 \u20ac<\/p>\n\n\n\n<hr class=\"wp-block-separator has-alpha-channel-opacity\"\/>\n\n\n\n<h5 class=\"wp-block-heading\">Arroz del se\u00f1orito con rape y gambas (M\u00ednimo 2 pax \/\/ Precio por persona)<\/h5>\n\n\n\n<p>\u00a023 \u20ac<\/p>\n\n\n\n<hr class=\"wp-block-separator has-alpha-channel-opacity\"\/>\n\n\n\n<h5 class=\"wp-block-heading\">Arroz seco de costilla y vieiras (M\u00ednimo 2 pax \/\/ Precio por persona)<\/h5>\n\n\n\n<p>21 \u20ac<\/p>\n\n\n\n<hr class=\"wp-block-separator has-alpha-channel-opacity is-style-wide\"\/>\n\n\n\n<p class=\"has-text-align-center has-large-font-size\">Del mar y del campo<\/p>\n\n\n\n<h5 class=\"wp-block-heading\">Merluza del pincho al vapor lima lim\u00f3n<\/h5>\n\n\n\n<p>\u00a019 \u20ac<\/p>\n\n\n\n<hr class=\"wp-block-separator has-alpha-channel-opacity\"\/>\n\n\n\n<h5 class=\"wp-block-heading\">Solomillo de vaca gallega, mini verduritas y salsa perigourdine<\/h5>\n\n\n\n<p>\u00a024 \u20ac<\/p>\n\n\n\n<hr class=\"wp-block-separator has-alpha-channel-opacity\"\/>\n\n\n\n<h5 class=\"wp-block-heading\">Pulpo de Camari\u00f1as a la plancha, espuma de san sim\u00f3n, kale y ajada gallega<\/h5>\n\n\n\n<p>\u00a019 \u20ac<\/p>\n\n\n\n<hr class=\"wp-block-separator has-alpha-channel-opacity\"\/>\n\n\n\n<h5 class=\"wp-block-heading\">Costilla de cerdo de casta\u00f1as lacada con soja y miel con patatas y cebolla caramelizada<\/h5>\n\n\n\n<p>\u00a020 \u20ac<\/p>\n\n\n\n<hr class=\"wp-block-separator has-alpha-channel-opacity\"\/>\n\n\n\n<h5 class=\"wp-block-heading\">Carrillera de ternera gallega guisada, parmentier de patata y ajetes tiernos<\/h5>\n\n\n\n<p>\u00a019 \u20ac<\/p>\n\n\n\n<hr class=\"wp-block-separator has-alpha-channel-opacity\"\/>\n\n\n\n<h5 class=\"wp-block-heading\">Hamburguesa de vaca gallega, San Sim\u00f3n en pan brioche<\/h5>\n\n\n\n<p>\u00a011 \u20ac<\/p>\n\n\n\n<hr class=\"wp-block-separator has-alpha-channel-opacity is-style-wide\"\/>\n\n\n\n<p class=\"has-text-align-center has-large-font-size\">De rechupete<\/p>\n\n\n\n<h5 class=\"wp-block-heading\">Tiramis\u00fa<\/h5>\n\n\n\n<p>\u00a05.50 \u20ac<\/p>\n\n\n\n<hr class=\"wp-block-separator has-alpha-channel-opacity\"\/>\n\n\n\n<h5 class=\"wp-block-heading\">Flan de yemas y crema diplom\u00e1tica<\/h5>\n\n\n\n<p>\u00a05.50 \u20ac<\/p>\n\n\n\n<hr class=\"wp-block-separator has-alpha-channel-opacity\"\/>\n\n\n\n<h5 class=\"wp-block-heading\">Pecado de trufa de chocolate 70% (4 ud)<\/h5>\n\n\n\n<p>\u00a06 \u20ac<\/p>\n\n\n\n<hr class=\"wp-block-separator has-alpha-channel-opacity\"\/>\n\n\n\n<h5 class=\"wp-block-heading\">Oblea de cheesecake de nutella o mermelada de fresa<\/h5>\n\n\n\n<p>\u00a012 \u20ac \/ Entera (4-5 pax)<br>\u00a07 \u20ac \/ Media (2-3 pax)<\/p>\n\n\n\n<hr class=\"wp-block-separator has-alpha-channel-opacity\"\/>\n\n\n\n<h5 class=\"wp-block-heading\">Pi\u00f1a asada con sorbete de coco-yogurt<\/h5>\n\n\n\n<p>\u00a06.50 \u20ac<\/p>\n\n\n\n<hr class=\"wp-block-separator has-alpha-channel-opacity\"\/>\n\n\n\n<h5 class=\"wp-block-heading\">Tarta de queso al horno<\/h5>\n\n\n\n<p>\u00a05.50 \u20ac<\/p>\n","protected":false},"excerpt":{"rendered":"<p>Para compartir, o no? Steak tartar de solomillo en pan de brioche de mantequilla caliente &nbsp;18.50 \u20ac Carpaccio de berenjena y calabac\u00edn con pi\u00f1ones, r\u00facula y pesto de albahaca 11 \u20ac Tartar de at\u00fan rojo picante con arroz japon\u00e9s 21 \u20ac Nem de lechuga con papada ib\u00e9rica y gamba (2 ud) 7.50 \u20ac Ensalada de &hellip; <\/p>\n<p class=\"link-more\"><a href=\"https:\/\/carta.canton23.com\/?page_id=79\" class=\"more-link\">Continuar leyendo<span class=\"screen-reader-text\"> \u00abGastrobar\u00bb<\/span><\/a><\/p>\n","protected":false},"author":1,"featured_media":0,"parent":0,"menu_order":0,"comment_status":"closed","ping_status":"closed","template":"","meta":{"spay_email":"","footnotes":""},"class_list":["post-79","page","type-page","status-publish","hentry"],"_links":{"self":[{"href":"https:\/\/carta.canton23.com\/index.php?rest_route=\/wp\/v2\/pages\/79","targetHints":{"allow":["GET"]}}],"collection":[{"href":"https:\/\/carta.canton23.com\/index.php?rest_route=\/wp\/v2\/pages"}],"about":[{"href":"https:\/\/carta.canton23.com\/index.php?rest_route=\/wp\/v2\/types\/page"}],"author":[{"embeddable":true,"href":"https:\/\/carta.canton23.com\/index.php?rest_route=\/wp\/v2\/users\/1"}],"replies":[{"embeddable":true,"href":"https:\/\/carta.canton23.com\/index.php?rest_route=%2Fwp%2Fv2%2Fcomments&post=79"}],"version-history":[{"count":6,"href":"https:\/\/carta.canton23.com\/index.php?rest_route=\/wp\/v2\/pages\/79\/revisions"}],"predecessor-version":[{"id":98,"href":"https:\/\/carta.canton23.com\/index.php?rest_route=\/wp\/v2\/pages\/79\/revisions\/98"}],"wp:attachment":[{"href":"https:\/\/carta.canton23.com\/index.php?rest_route=%2Fwp%2Fv2%2Fmedia&parent=79"}],"curies":[{"name":"wp","href":"https:\/\/api.w.org\/{rel}","templated":true}]}}