{"id":2,"date":"2022-07-02T22:11:27","date_gmt":"2022-07-02T22:11:27","guid":{"rendered":"https:\/\/carta.canton23.com\/home\/carta\/public_html\/?page_id=2"},"modified":"2022-07-06T12:42:10","modified_gmt":"2022-07-06T11:42:10","slug":"sample-page","status":"publish","type":"page","link":"https:\/\/carta.canton23.com\/?page_id=2","title":{"rendered":"Cocteler\u00eda"},"content":{"rendered":"\n<h5 class=\"wp-block-heading\">BLOODY MARY ESTILO CANT\u00d3N23<\/h5>\n\n\n\n<p>\u00a07 \u20ac<\/p>\n\n\n\n<p>Zumo tomate, lea perrin&#8217;s, vodka, zumo lima, sal, pimienta y tabasco.<\/p>\n\n\n\n<hr class=\"wp-block-separator has-alpha-channel-opacity\"\/>\n\n\n\n<h5 class=\"wp-block-heading\">POPEYE<\/h5>\n\n\n\n<p>\u00a07.50 \u20ac<\/p>\n\n\n\n<p>Espinaca, cacha\u00e7a, licor de almendra, zumo lima y sirope de jengibre.<\/p>\n\n\n\n<hr class=\"wp-block-separator has-alpha-channel-opacity\"\/>\n\n\n\n<h5 class=\"wp-block-heading\">LONG TANGERINE<\/h5>\n\n\n\n<p>\u00a07 \u20ac<\/p>\n\n\n\n<p>Ron a\u00f1ejo, zumo de mandarina, lima, sirope de jengibre y ginger beer.<\/p>\n\n\n\n<hr class=\"wp-block-separator has-alpha-channel-opacity\"\/>\n\n\n\n<h5 class=\"wp-block-heading\">MOJITERRANEO<\/h5>\n\n\n\n<p>\u00a07 \u20ac<\/p>\n\n\n\n<p>Ginebra, lima, lim\u00f3n, naranja, albahaca, az\u00facar y t\u00f3nica.<\/p>\n\n\n\n<hr class=\"wp-block-separator has-alpha-channel-opacity\"\/>\n\n\n\n<h5 class=\"wp-block-heading\">DAIQUIRI DE FRESA<\/h5>\n\n\n\n<p>\u00a07 \u20ac<\/p>\n\n\n\n<p>Ron, fresa, lima y az\u00facar.<\/p>\n\n\n\n<hr class=\"wp-block-separator has-alpha-channel-opacity\"\/>\n\n\n\n<h5 class=\"wp-block-heading\">GIN FIZZ<\/h5>\n\n\n\n<p>\u00a07 \u20ac<\/p>\n\n\n\n<p>Ginebra, zumo de lim\u00f3n, azahar y soda.<\/p>\n\n\n\n<hr class=\"wp-block-separator has-alpha-channel-opacity\"\/>\n\n\n\n<h5 class=\"wp-block-heading\">COSMOPOLITAN<\/h5>\n\n\n\n<p>\u00a07 \u20ac<\/p>\n\n\n\n<p>Vodka, Cointreau, ar\u00e1ndanos, lima y algod\u00f3n de az\u00facar.<\/p>\n\n\n\n<hr class=\"wp-block-separator has-alpha-channel-opacity\"\/>\n\n\n\n<h5 class=\"wp-block-heading\">CAIPIROSKA ALBARI\u00d1O<\/h5>\n\n\n\n<p>\u00a07 \u20ac<\/p>\n\n\n\n<p>Vodka, lima y sirope de albari\u00f1o.<\/p>\n\n\n\n<hr class=\"wp-block-separator has-alpha-channel-opacity\"\/>\n\n\n\n<h5 class=\"wp-block-heading\">BRUMBLE<\/h5>\n\n\n\n<p>\u00a07 \u20ac<\/p>\n\n\n\n<p>Ginebra, zumo de lima y sirope de mora.<\/p>\n\n\n\n<hr class=\"wp-block-separator has-alpha-channel-opacity\"\/>\n\n\n\n<h5 class=\"wp-block-heading\">NEGRONI #23<\/h5>\n\n\n\n<p>\u00a07 \u20ac<\/p>\n\n\n\n<p>Campari infusionado en caf\u00e9, ginebra y vermouth tinto .<\/p>\n\n\n\n<hr class=\"wp-block-separator has-alpha-channel-opacity\"\/>\n\n\n\n<h5 class=\"wp-block-heading\">OLD FASHIONED<\/h5>\n\n\n\n<p>\u00a07 \u20ac<\/p>\n\n\n\n<p>Bourbon, az\u00facar moreno y angostura.<\/p>\n\n\n\n<hr class=\"wp-block-separator has-alpha-channel-opacity\"\/>\n\n\n\n<h5 class=\"wp-block-heading\">PISCO SOUR<\/h5>\n\n\n\n<p>\u00a08 \u20ac<\/p>\n\n\n\n<p>Pisco, zumo de lima, clara de huevo y sirope neutro.<\/p>\n\n\n\n<hr class=\"wp-block-separator has-alpha-channel-opacity\"\/>\n\n\n\n<h5 class=\"wp-block-heading\">ESPRESO MARTINI<\/h5>\n\n\n\n<p>\u00a07 \u20ac<\/p>\n\n\n\n<p>Vodka, licor caf\u00e9, caf\u00e9 y sirope de vainilla<\/p>\n\n\n\n<hr class=\"wp-block-separator has-alpha-channel-opacity\"\/>\n\n\n\n<h5 class=\"wp-block-heading\">MARGARITA<\/h5>\n\n\n\n<p>\u00a07 \u20ac<\/p>\n\n\n\n<p>Tequila, Cointreau, zumo de lima, sirope de agave y sal c\u00edtrica negra<\/p>\n\n\n\n<hr class=\"wp-block-separator has-alpha-channel-opacity\"\/>\n\n\n\n<h5 class=\"wp-block-heading\">MOJITO<\/h5>\n\n\n\n<p>\u00a07 \u20ac<\/p>\n\n\n\n<p>Ron a\u00f1ejo, lima, menta, az\u00facar y soda.<\/p>\n\n\n\n<hr class=\"wp-block-separator has-alpha-channel-opacity\"\/>\n\n\n\n<h5 class=\"wp-block-heading\">PALOMA MEZCAL<\/h5>\n\n\n\n<p>7,50 \u20ac<\/p>\n\n\n\n<p>Mezcal infusionado en frambuesa, zumo de pomelo, lima, sirope de jengibre y soda.<\/p>\n\n\n\n<hr class=\"wp-block-separator has-alpha-channel-opacity\"\/>\n\n\n\n<h5 class=\"wp-block-heading\">MEXICAN PANDAM<\/h5>\n\n\n\n<p>\u00a07 \u20ac<\/p>\n\n\n\n<p>Mezcal, zumo de pi\u00f1a, sirope de pandam y jengibre.<\/p>\n\n\n\n<hr class=\"wp-block-separator has-alpha-channel-opacity is-style-wide\"\/>\n\n\n\n<p class=\"has-text-align-center has-large-font-size\">C\u00f3cteles sin alcohol<\/p>\n\n\n\n<h5 class=\"wp-block-heading\">LONG TANGERINE<\/h5>\n\n\n\n<p>\u00a05 \u20ac<\/p>\n\n\n\n<p>Zumo de mandarina, zumo de lima, sirope de jenjibre y ginger beer.<\/p>\n\n\n\n<hr class=\"wp-block-separator has-alpha-channel-opacity\"\/>\n\n\n\n<h5 class=\"wp-block-heading\">MOJITERRANEO<\/h5>\n\n\n\n<p>\u00a05 \u20ac<\/p>\n\n\n\n<p>Zumo de lima, zumo de lim\u00f3n, zumo de naranja, albahaca y t\u00f3nica.<\/p>\n\n\n\n<hr class=\"wp-block-separator has-alpha-channel-opacity\"\/>\n\n\n\n<h5 class=\"wp-block-heading\">MOJITO<\/h5>\n\n\n\n<p>\u00a05 \u20ac<\/p>\n\n\n\n<p>Zumo de lima, menta y Sprite.<\/p>\n\n\n\n<hr class=\"wp-block-separator has-alpha-channel-opacity\"\/>\n\n\n\n<h5 class=\"wp-block-heading\">DAIQUIRI DE FRESA<\/h5>\n\n\n\n<p>\u00a05 \u20ac<\/p>\n","protected":false},"excerpt":{"rendered":"<p>BLOODY MARY ESTILO CANT\u00d3N23 \u00a07 \u20ac Zumo tomate, lea perrin&#8217;s, vodka, zumo lima, sal, pimienta y tabasco. POPEYE \u00a07.50 \u20ac Espinaca, cacha\u00e7a, licor de almendra, zumo lima y sirope de jengibre. LONG TANGERINE \u00a07 \u20ac Ron a\u00f1ejo, zumo de mandarina, lima, sirope de jengibre y ginger beer. MOJITERRANEO \u00a07 \u20ac Ginebra, lima, lim\u00f3n, naranja, albahaca, &hellip; <\/p>\n<p class=\"link-more\"><a href=\"https:\/\/carta.canton23.com\/?page_id=2\" class=\"more-link\">Continuar leyendo<span class=\"screen-reader-text\"> \u00abCocteler\u00eda\u00bb<\/span><\/a><\/p>\n","protected":false},"author":1,"featured_media":0,"parent":0,"menu_order":0,"comment_status":"closed","ping_status":"open","template":"","meta":{"spay_email":"","footnotes":""},"class_list":["post-2","page","type-page","status-publish","hentry"],"_links":{"self":[{"href":"https:\/\/carta.canton23.com\/index.php?rest_route=\/wp\/v2\/pages\/2","targetHints":{"allow":["GET"]}}],"collection":[{"href":"https:\/\/carta.canton23.com\/index.php?rest_route=\/wp\/v2\/pages"}],"about":[{"href":"https:\/\/carta.canton23.com\/index.php?rest_route=\/wp\/v2\/types\/page"}],"author":[{"embeddable":true,"href":"https:\/\/carta.canton23.com\/index.php?rest_route=\/wp\/v2\/users\/1"}],"replies":[{"embeddable":true,"href":"https:\/\/carta.canton23.com\/index.php?rest_route=%2Fwp%2Fv2%2Fcomments&post=2"}],"version-history":[{"count":4,"href":"https:\/\/carta.canton23.com\/index.php?rest_route=\/wp\/v2\/pages\/2\/revisions"}],"predecessor-version":[{"id":97,"href":"https:\/\/carta.canton23.com\/index.php?rest_route=\/wp\/v2\/pages\/2\/revisions\/97"}],"wp:attachment":[{"href":"https:\/\/carta.canton23.com\/index.php?rest_route=%2Fwp%2Fv2%2Fmedia&parent=2"}],"curies":[{"name":"wp","href":"https:\/\/api.w.org\/{rel}","templated":true}]}}